{"id":36,"date":"2016-06-27T14:33:18","date_gmt":"2016-06-27T14:33:18","guid":{"rendered":"http:\/\/anaclaudiasouzapsicologa.com.br\/site\/?page_id=36"},"modified":"2016-07-14T10:13:03","modified_gmt":"2016-07-14T13:13:03","slug":"psicoterapia-adolescente","status":"publish","type":"page","link":"https:\/\/anaclaudiasouzapsicologa.com.br\/site\/psicoterapia-adolescente\/","title":{"rendered":"Psicoterapia Adolescente"},"content":{"rendered":"<p>A fase da adolesc\u00eancia \u00e9 galgada por muitas mudan\u00e7as, onde o adolescente muitas vezes se v\u00ea ansioso e inseguro, pois se encontra num per\u00edodo de transi\u00e7\u00e3o, ou seja, deixando a inf\u00e2ncia se preparando para a vida adulta, no qual, ocorrem transforma\u00e7\u00f5es f\u00edsicas e ps\u00edquicas, tendo que lidar com situa\u00e7\u00f5es que demandam decis\u00f5es importantes, como por exemplo, sua escolha da carreira profissional.<\/p>\n<p>&nbsp;<\/p>\n<p>\u00c9 o momento da descoberta de sua pr\u00f3pria identidade, do questionamento do mundo e que muitas vezes h\u00e1 oscila\u00e7\u00f5es de humor, agressividade, isolamento, pois os conflitos internos est\u00e3o bem acentuados e os pais acabam por considerar esse comportamento inadequado por confrontar a fam\u00edlia em determinadas situa\u00e7\u00f5es. Agora, h\u00e1 em certos casos que \u00e9 necess\u00e1rio uma aten\u00e7\u00e3o maior, quando o adolescente passa apresentar comportamentos como : dist\u00farbio do sono, falta de apetite, ansiedade, tristeza, desinteresse de atividades com amigos e familiares, danos a si mesmo, desacato a autoridades, mentiras, drogas, \u00e1lcool, id\u00e9ias suicidas etc&#8230;<\/p>\n<p>Al\u00e9m disso, \u00e9 uma fase de desafiar os limites de si e do pr\u00f3prio corpo correndo riscos muitas vezes.<\/p>\n<p>O Psic\u00f3logo ir\u00e1 ajud\u00e1-lo nesta fase, a ter um olhar mais compreens\u00edvel para com suas quest\u00f5es, promovendo autoconhecimento do seu processo f\u00edsico\/emocional, estimulando a gest\u00e3o de conflitos, possibilitando a supera\u00e7\u00e3o do sofrimento ps\u00edquico e um amadurecimento mais saud\u00e1vel e feliz !<\/p>\n<p>A participa\u00e7\u00e3o dos Pais ou respons\u00e1veis \u00e9 muito importante no processo terap\u00eautico, por\u00e9m nas sess\u00f5es a participa\u00e7\u00e3o acontecer\u00e1 quando houver necessidade e em algumas ocasi\u00f5es com a participa\u00e7\u00e3o do adolescente.<\/p>\n","protected":false},"excerpt":{"rendered":"<p>A fase da adolesc\u00eancia \u00e9 galgada por muitas mudan\u00e7as, onde o adolescente muitas vezes se v\u00ea ansioso e inseguro, pois se encontra num per\u00edodo de transi\u00e7\u00e3o, ou seja, deixando a inf\u00e2ncia se preparando para a vida adulta, no qual, ocorrem transforma\u00e7\u00f5es f\u00edsicas e ps\u00edquicas, tendo que lidar com situa\u00e7\u00f5es que demandam decis\u00f5es importantes, como por <a class=\"more-link\" href=\"https:\/\/anaclaudiasouzapsicologa.com.br\/site\/psicoterapia-adolescente\/\">Leia mais&#8230; &raquo;<\/a><\/p>\n","protected":false},"author":2,"featured_media":168,"parent":0,"menu_order":0,"comment_status":"closed","ping_status":"closed","template":"","meta":{"spay_email":""},"jetpack_sharing_enabled":true,"jetpack-related-posts":[],"_links":{"self":[{"href":"https:\/\/anaclaudiasouzapsicologa.com.br\/site\/wp-json\/wp\/v2\/pages\/36"}],"collection":[{"href":"https:\/\/anaclaudiasouzapsicologa.com.br\/site\/wp-json\/wp\/v2\/pages"}],"about":[{"href":"https:\/\/anaclaudiasouzapsicologa.com.br\/site\/wp-json\/wp\/v2\/types\/page"}],"author":[{"embeddable":true,"href":"https:\/\/anaclaudiasouzapsicologa.com.br\/site\/wp-json\/wp\/v2\/users\/2"}],"replies":[{"embeddable":true,"href":"https:\/\/anaclaudiasouzapsicologa.com.br\/site\/wp-json\/wp\/v2\/comments?post=36"}],"version-history":[{"count":0,"href":"https:\/\/anaclaudiasouzapsicologa.com.br\/site\/wp-json\/wp\/v2\/pages\/36\/revisions"}],"wp:featuredmedia":[{"embeddable":true,"href":"https:\/\/anaclaudiasouzapsicologa.com.br\/site\/wp-json\/wp\/v2\/media\/168"}],"wp:attachment":[{"href":"https:\/\/anaclaudiasouzapsicologa.com.br\/site\/wp-json\/wp\/v2\/media?parent=36"}],"curies":[{"name":"wp","href":"https:\/\/api.w.org\/{rel}","templated":true}]}}